{"id":8,"date":"2022-04-12T20:26:30","date_gmt":"2022-04-12T18:26:30","guid":{"rendered":"http:\/\/apedys35.org\/?page_id=8"},"modified":"2024-10-31T15:22:56","modified_gmt":"2024-10-31T14:22:56","slug":"a-propos-de","status":"publish","type":"page","link":"https:\/\/apedys35.org\/index.php\/a-propos-de\/","title":{"rendered":"\u00c0 propos de"},"content":{"rendered":"\n<p>Bonjour,<\/p>\n\n\n\n<p>l\u2019association reconnue d\u2019int\u00e9r\u00eat g\u00e9n\u00e9ral a pour objectifs<\/p>\n\n\n<div class=\"wp-block-image\">\n<figure class=\"alignright size-full is-resized\"><img decoding=\"async\" src=\"https:\/\/apedys35.org\/wp-content\/uploads\/2024\/03\/tableau-famille.png\" alt=\"\" class=\"wp-image-917\" style=\"width:196px;height:auto\"\/><\/figure>\n<\/div>\n\n\n<ul class=\"wp-block-list\">\n<li>d\u2019aider les familles au rep\u00e9rage pr\u00e9coce en lien avec l\u2019\u00e9cole,<font _mstmutation=\"1\"><\/font><\/li>\n\n\n\n<li><font _mstmutation=\"1\" _msttexthash=\"17478201\" _msthash=\"4657\">d\u2019\u00e9viter l\u2019errance de parcours et diagnostic en orientant vers les bons interlocuteurs m\u00e9dicaux, param\u00e9dicaux, scolaires, <\/font><br><font _mstmutation=\"1\" _msttexthash=\"1735253\" _msthash=\"4657\">Maison d\u00e9partementale des Personnes Handicap\u00e9es<\/font><font _mstmutation=\"1\"><\/font><\/li>\n<\/ul>\n\n\n<div class=\"wp-block-image\">\n<figure class=\"aligncenter size-full is-resized\"><img decoding=\"async\" src=\"https:\/\/apedys35.org\/wp-content\/uploads\/2024\/03\/images.jpg\" alt=\"\" class=\"wp-image-905\" style=\"width:239px;height:auto\"\/><\/figure>\n<\/div>\n\n\n<ul class=\"wp-block-list\">\n<li>de sensibiliser et de former tous les acteurs autour de l\u2019enfant afin que l\u2019environnement soit adapt\u00e9 \u00e0 ses besoins sp\u00e9cifiques, tout en lui permettant d\u2019acc\u00e9der \u00e0 un maximum d\u2019autonomie<\/li>\n\n\n\n<li><font _mstmutation=\"1\" _msttexthash=\"3455010\" _msthash=\"4975\">de soutenir les \u00e9tudiants pour le maintien des am\u00e9nagements n\u00e9cessaires<\/font><font _mstmutation=\"1\"><\/font><\/li>\n\n\n\n<li>de soutenir les adultes qui d\u00e9couvrent leur(s) trouble(s)&nbsp;; les soutenir pour les formations, l\u2019acc\u00e8s \u00e0 l\u2019emploi et le maintien dans l\u2019emploi.<font _mstmutation=\"1\"><\/font><\/li>\n<\/ul>\n\n\n<div class=\"wp-block-image\">\n<figure class=\"aligncenter size-full is-resized\"><img decoding=\"async\" src=\"https:\/\/apedys35.org\/wp-content\/uploads\/2024\/03\/reseau-1.png\" alt=\"\" class=\"wp-image-920\" style=\"width:242px;height:auto\"\/><figcaption class=\"wp-element-caption\"><font _mstmutation=\"1\"><\/font><\/figcaption><\/figure>\n<\/div>\n\n\n<ul class=\"wp-block-list\">\n<li>de sensibiliser des organismes de formations, des collectivit\u00e9s, des employeurs aux besoins mat\u00e9riels et humains afin que la personne DYS apporte le meilleur dans son activit\u00e9 professionnelle tout en pr\u00e9servant sa sant\u00e9.<font _mstmutation=\"1\"><\/font><font _mstmutation=\"1\"><\/font><\/li>\n<\/ul>\n\n\n<div class=\"wp-block-image\">\n<figure class=\"alignleft size-large\"><img decoding=\"async\" src=\"https:\/\/apedys35.org\/wp-content\/uploads\/2024\/03\/recherche-1024x681.png\" alt=\"\" class=\"wp-image-907\"\/><\/figure>\n<\/div>\n\n\n<ul class=\"wp-block-list\">\n<li>de participer \u00e0 des \u00e9tudes pour la connaissance des troubles, leur(s) origine(s)<\/li>\n\n\n\n<li><font _mstmutation=\"1\" _msttexthash=\"7531693\" _msthash=\"3943\">pour valider scientifiquement des outils d\u2019aide \u00e0 la compensation.<\/font><font _mstmutation=\"1\"><\/font><\/li>\n<\/ul>\n\n\n\n<figure class=\"wp-block-image size-large\"><img decoding=\"async\" src=\"https:\/\/apedys35.org\/wp-content\/uploads\/2024\/03\/Objectifs-AA35-1024x237.png\" alt=\"\" class=\"wp-image-925\"\/><\/figure>\n\n\n\n<p>Bas\u00e9e en Ille-et-Vilaine, nous coop\u00e9rons avec d\u2019autres associations DYS d\u00e9partementales et nationales. <br>Nous sommes tous des membres b\u00e9n\u00e9voles.<\/p>\n\n\n\n<p><a href=\"https:\/\/apedys35.org\/index.php\/2022\/09\/23\/nouveau-flyer\/\">Notre flyer<\/a><\/p>\n\n\n\n<p><a _msttexthash=\"2756494\" _msthash=\"184\" href=\"https:\/\/apedys35.org\/\" data-type=\"link\" data-id=\"https:\/\/apedys35.org\/\">Retour \u00e0 la page d\u2019accueil<\/a><\/p>\n","protected":false},"excerpt":{"rendered":"<p>Bonjour, l\u2019association reconnue d\u2019int\u00e9r\u00eat g\u00e9n\u00e9ral a pour objectifs Bas\u00e9e en Ille-et-Vilaine, nous coop\u00e9rons avec d\u2019autres associations DYS d\u00e9partementales et nationales. Nous sommes tous des membres b\u00e9n\u00e9voles. Notre flyer Retour \u00e0&hellip; <a class=\"more-link\" href=\"https:\/\/apedys35.org\/index.php\/a-propos-de\/\">Continue reading <span class=\"screen-reader-text\">\u00c0 propos de<\/span><\/a><\/p>\n","protected":false},"author":1,"featured_media":0,"parent":0,"menu_order":0,"comment_status":"closed","ping_status":"closed","template":"","meta":{"footnotes":""},"class_list":["post-8","page","type-page","status-publish","hentry","entry"],"_links":{"self":[{"href":"https:\/\/apedys35.org\/index.php\/wp-json\/wp\/v2\/pages\/8","targetHints":{"allow":["GET"]}}],"collection":[{"href":"https:\/\/apedys35.org\/index.php\/wp-json\/wp\/v2\/pages"}],"about":[{"href":"https:\/\/apedys35.org\/index.php\/wp-json\/wp\/v2\/types\/page"}],"author":[{"embeddable":true,"href":"https:\/\/apedys35.org\/index.php\/wp-json\/wp\/v2\/users\/1"}],"replies":[{"embeddable":true,"href":"https:\/\/apedys35.org\/index.php\/wp-json\/wp\/v2\/comments?post=8"}],"version-history":[{"count":19,"href":"https:\/\/apedys35.org\/index.php\/wp-json\/wp\/v2\/pages\/8\/revisions"}],"predecessor-version":[{"id":1034,"href":"https:\/\/apedys35.org\/index.php\/wp-json\/wp\/v2\/pages\/8\/revisions\/1034"}],"wp:attachment":[{"href":"https:\/\/apedys35.org\/index.php\/wp-json\/wp\/v2\/media?parent=8"}],"curies":[{"name":"wp","href":"https:\/\/api.w.org\/{rel}","templated":true}]}}