{"id":430,"date":"2020-02-17T12:16:00","date_gmt":"2020-02-17T11:16:00","guid":{"rendered":"http:\/\/apedys35.org\/?page_id=430"},"modified":"2022-04-17T12:22:21","modified_gmt":"2022-04-17T10:22:21","slug":"lorientation-vers-un-secteur-professionnel-laccompagnement","status":"publish","type":"page","link":"https:\/\/apedys35.org\/index.php\/vers-lecole\/lorientation-vers-un-secteur-professionnel-laccompagnement\/","title":{"rendered":"L\u2019orientation vers un secteur professionnel : l\u2019accompagnement"},"content":{"rendered":"\n<p><br>Si les jeunes dys, \u00e9l\u00e8ves, peuvent b\u00e9n\u00e9ficier d\u2019accompagnement \u00e0 l\u2019\u00e9cole,<br>l\u2019insertion dans le milieu professionnelle est \u00e0 penser d\u00e8s la 3\u00e8me. Travailler avec les structures qui peuvent aider \u00e0 choisir et soutenir ce choix.<\/p>\n\n\n\n<figure class=\"wp-block-image size-full\"><img loading=\"lazy\" decoding=\"async\" width=\"767\" height=\"539\" src=\"https:\/\/apedys35.org\/wp-content\/uploads\/2022\/04\/dys_orientation_professionnelle_1.webp\" alt=\"\" class=\"wp-image-431\" srcset=\"https:\/\/apedys35.org\/wp-content\/uploads\/2022\/04\/dys_orientation_professionnelle_1.webp 767w, https:\/\/apedys35.org\/wp-content\/uploads\/2022\/04\/dys_orientation_professionnelle_1-300x211.webp 300w\" sizes=\"auto, (max-width: 767px) 100vw, 767px\" \/><\/figure>\n\n\n\n<figure class=\"wp-block-image size-full\"><img loading=\"lazy\" decoding=\"async\" width=\"767\" height=\"535\" src=\"https:\/\/apedys35.org\/wp-content\/uploads\/2022\/04\/dys_orientation_professionnelle_2.png\" alt=\"\" class=\"wp-image-432\" srcset=\"https:\/\/apedys35.org\/wp-content\/uploads\/2022\/04\/dys_orientation_professionnelle_2.png 767w, https:\/\/apedys35.org\/wp-content\/uploads\/2022\/04\/dys_orientation_professionnelle_2-300x209.png 300w\" sizes=\"auto, (max-width: 767px) 100vw, 767px\" \/><\/figure>\n","protected":false},"excerpt":{"rendered":"<p>Si les jeunes dys, \u00e9l\u00e8ves, peuvent b\u00e9n\u00e9ficier d\u2019accompagnement \u00e0 l\u2019\u00e9cole,l\u2019insertion dans le milieu professionnelle est \u00e0 penser d\u00e8s la 3\u00e8me. Travailler avec les structures qui peuvent aider \u00e0 choisir et&hellip; <a class=\"more-link\" href=\"https:\/\/apedys35.org\/index.php\/vers-lecole\/lorientation-vers-un-secteur-professionnel-laccompagnement\/\">Continue reading <span class=\"screen-reader-text\">L\u2019orientation vers un secteur professionnel : l\u2019accompagnement<\/span><\/a><\/p>\n","protected":false},"author":1,"featured_media":0,"parent":346,"menu_order":6,"comment_status":"closed","ping_status":"closed","template":"","meta":{"footnotes":""},"class_list":["post-430","page","type-page","status-publish","hentry","entry"],"_links":{"self":[{"href":"https:\/\/apedys35.org\/index.php\/wp-json\/wp\/v2\/pages\/430","targetHints":{"allow":["GET"]}}],"collection":[{"href":"https:\/\/apedys35.org\/index.php\/wp-json\/wp\/v2\/pages"}],"about":[{"href":"https:\/\/apedys35.org\/index.php\/wp-json\/wp\/v2\/types\/page"}],"author":[{"embeddable":true,"href":"https:\/\/apedys35.org\/index.php\/wp-json\/wp\/v2\/users\/1"}],"replies":[{"embeddable":true,"href":"https:\/\/apedys35.org\/index.php\/wp-json\/wp\/v2\/comments?post=430"}],"version-history":[{"count":1,"href":"https:\/\/apedys35.org\/index.php\/wp-json\/wp\/v2\/pages\/430\/revisions"}],"predecessor-version":[{"id":433,"href":"https:\/\/apedys35.org\/index.php\/wp-json\/wp\/v2\/pages\/430\/revisions\/433"}],"up":[{"embeddable":true,"href":"https:\/\/apedys35.org\/index.php\/wp-json\/wp\/v2\/pages\/346"}],"wp:attachment":[{"href":"https:\/\/apedys35.org\/index.php\/wp-json\/wp\/v2\/media?parent=430"}],"curies":[{"name":"wp","href":"https:\/\/api.w.org\/{rel}","templated":true}]}}