{"id":382,"date":"2022-04-15T19:18:25","date_gmt":"2022-04-15T17:18:25","guid":{"rendered":"http:\/\/apedys35.org\/?page_id=382"},"modified":"2022-04-15T19:18:25","modified_gmt":"2022-04-15T17:18:25","slug":"plateforme-de-coordination-et-dorientation-pco-tnd-35","status":"publish","type":"page","link":"https:\/\/apedys35.org\/index.php\/prise-en-charge-les-professionnels-de-sante-pour-quoi-faire\/plateforme-de-coordination-et-dorientation-pco-tnd-35\/","title":{"rendered":"plateforme de coordination et d&#8217;orientation PCO-TND\u00a035"},"content":{"rendered":"\n<p>Pr\u00e9sentation de la Plateforme de Coordination et d&#8217;Orientation PCO TND (Troubles Neurod\u00e9veloppementaux) d\u2019Ille-et-Vilaine dont les principales missions sont :<\/p>\n\n\n\n<ul class=\"wp-block-list\"><li>D\u00e9pistage et diagnostic pr\u00e9coces des d\u00e9ficits et des troubles<\/li><li>Pr\u00e9vention ou r\u00e9duction de l\u2019aggravation des handicaps<\/li><li>Soins individuels ou de groupe<\/li><li>Accompagnement familial<\/li><li>Soutien, aide, adaptation sociale et \u00e9ducative<\/li><\/ul>\n\n\n\n<p>Pr\u00e9sentation<\/p>\n\n\n\n<p><a href=\"https:\/\/apedys35.org\/wp-content\/uploads\/2022\/04\/plateforme-tnd-associations-de-famille-vf.pptx\" data-type=\"URL\" data-id=\"https:\/\/apedys35.org\/wp-content\/uploads\/2022\/04\/plateforme-tnd-associations-de-famille-vf.pptx\">Plateforme TND \u2013 Associations de famille <\/a><\/p>\n\n\n\n<p>Le site: <a href=\"https:\/\/tnd.plateforme35.fr\/\" target=\"_blank\" rel=\"noreferrer noopener\">https:\/\/tnd.plateforme35.fr\/<\/a><\/p>\n","protected":false},"excerpt":{"rendered":"<p>Pr\u00e9sentation de la Plateforme de Coordination et d&#8217;Orientation PCO TND (Troubles Neurod\u00e9veloppementaux) d\u2019Ille-et-Vilaine dont les principales missions sont : D\u00e9pistage et diagnostic pr\u00e9coces des d\u00e9ficits et des troubles Pr\u00e9vention ou&hellip; <a class=\"more-link\" href=\"https:\/\/apedys35.org\/index.php\/prise-en-charge-les-professionnels-de-sante-pour-quoi-faire\/plateforme-de-coordination-et-dorientation-pco-tnd-35\/\">Continue reading <span class=\"screen-reader-text\">plateforme de coordination et d&#8217;orientation PCO-TND\u00a035<\/span><\/a><\/p>\n","protected":false},"author":1,"featured_media":0,"parent":356,"menu_order":0,"comment_status":"closed","ping_status":"closed","template":"","meta":{"footnotes":""},"class_list":["post-382","page","type-page","status-publish","hentry","entry"],"_links":{"self":[{"href":"https:\/\/apedys35.org\/index.php\/wp-json\/wp\/v2\/pages\/382","targetHints":{"allow":["GET"]}}],"collection":[{"href":"https:\/\/apedys35.org\/index.php\/wp-json\/wp\/v2\/pages"}],"about":[{"href":"https:\/\/apedys35.org\/index.php\/wp-json\/wp\/v2\/types\/page"}],"author":[{"embeddable":true,"href":"https:\/\/apedys35.org\/index.php\/wp-json\/wp\/v2\/users\/1"}],"replies":[{"embeddable":true,"href":"https:\/\/apedys35.org\/index.php\/wp-json\/wp\/v2\/comments?post=382"}],"version-history":[{"count":1,"href":"https:\/\/apedys35.org\/index.php\/wp-json\/wp\/v2\/pages\/382\/revisions"}],"predecessor-version":[{"id":383,"href":"https:\/\/apedys35.org\/index.php\/wp-json\/wp\/v2\/pages\/382\/revisions\/383"}],"up":[{"embeddable":true,"href":"https:\/\/apedys35.org\/index.php\/wp-json\/wp\/v2\/pages\/356"}],"wp:attachment":[{"href":"https:\/\/apedys35.org\/index.php\/wp-json\/wp\/v2\/media?parent=382"}],"curies":[{"name":"wp","href":"https:\/\/api.w.org\/{rel}","templated":true}]}}