{"id":360,"date":"2022-04-15T18:58:43","date_gmt":"2022-04-15T16:58:43","guid":{"rendered":"http:\/\/apedys35.org\/?page_id=360"},"modified":"2022-04-15T18:58:43","modified_gmt":"2022-04-15T16:58:43","slug":"faire-un-dossier-a-la-mdph-decision-ouverture-des-droits","status":"publish","type":"page","link":"https:\/\/apedys35.org\/index.php\/vers-la-mdph\/faire-un-dossier-a-la-mdph-decision-ouverture-des-droits\/","title":{"rendered":"Faire un dossier \u00e0 la MDPH : D\u00e9cision, ouverture des\u00a0droits"},"content":{"rendered":"\n<p>Quinze jours avant la date indiqu\u00e9e du passage de votre dossier en CDAPH, organisme d\u00e9cisionnaire de la MDPH, vous recevez une proposition envoy\u00e9e par la MDPH de PPS et des autres Droits demand\u00e9s.<\/p>\n\n\n\n<p>Vous pouvez accepter ou envoyer un courrier indiquant votre d\u00e9saccord.<\/p>\n\n\n\n<p>Vous pouvez aussi venir en CDAPH expliquer aux membres les raisons de votre d\u00e9saccord et ce que vous demandez.<\/p>\n\n\n\n<p>Si la d\u00e9cision finale n\u2019est pas conforme \u00e0 vos souhaits, vous pouvez faire un recours administratif aupr\u00e8s de la MDPH dans un d\u00e9lai de deux mois et envoyer de nouveaux documents. Depuis le 1er janvier 2019 ce RAPO (Recours Administratif Pr\u00e9alable Obligatoire) est obligatoire avant de saisir le tribunal. La MDPH doit vous r\u00e9pondre dans un d\u00e9lai de deux mois.<\/p>\n\n\n\n<p><strong>Attention au d\u00e9lai de traitement des dossiers par la MDPH<\/strong>&nbsp;afin qu\u2019il n\u2019y ait pas de rupture de Droits. Faire une demande de renouvellement d\u2019AESH en juin pour septembre, c\u2019est courir le risque que l\u2019aide humaine AESH ne soit pas pr\u00e9sente \u00e0 la rentr\u00e9e de septembre. La MDPH ouvre le Droit \u00e0 l\u2019AESH, c\u2019est ensuite l\u2019Education Nationale qui est charg\u00e9e de sa mise en \u0153uvre, comme pour les ordinateurs et logiciels 5mat\u00e9riel p\u00e9dagogique adapt\u00e9 MPA), les orientations en ULIS et Segpa.<\/p>\n\n\n\n<figure class=\"wp-block-image size-full\"><img loading=\"lazy\" decoding=\"async\" width=\"700\" height=\"1000\" src=\"https:\/\/apedys35.org\/wp-content\/uploads\/2022\/04\/handicap-d-marches-pps-14411.jpg\" alt=\"\" class=\"wp-image-134\" srcset=\"https:\/\/apedys35.org\/wp-content\/uploads\/2022\/04\/handicap-d-marches-pps-14411.jpg 700w, https:\/\/apedys35.org\/wp-content\/uploads\/2022\/04\/handicap-d-marches-pps-14411-210x300.jpg 210w\" sizes=\"auto, (max-width: 700px) 100vw, 700px\" \/><\/figure>\n","protected":false},"excerpt":{"rendered":"<p>Quinze jours avant la date indiqu\u00e9e du passage de votre dossier en CDAPH, organisme d\u00e9cisionnaire de la MDPH, vous recevez une proposition envoy\u00e9e par la MDPH de PPS et des&hellip; <a class=\"more-link\" href=\"https:\/\/apedys35.org\/index.php\/vers-la-mdph\/faire-un-dossier-a-la-mdph-decision-ouverture-des-droits\/\">Continue reading <span class=\"screen-reader-text\">Faire un dossier \u00e0 la MDPH : D\u00e9cision, ouverture des\u00a0droits<\/span><\/a><\/p>\n","protected":false},"author":1,"featured_media":0,"parent":348,"menu_order":5,"comment_status":"closed","ping_status":"closed","template":"","meta":{"footnotes":""},"class_list":["post-360","page","type-page","status-publish","hentry","entry"],"_links":{"self":[{"href":"https:\/\/apedys35.org\/index.php\/wp-json\/wp\/v2\/pages\/360","targetHints":{"allow":["GET"]}}],"collection":[{"href":"https:\/\/apedys35.org\/index.php\/wp-json\/wp\/v2\/pages"}],"about":[{"href":"https:\/\/apedys35.org\/index.php\/wp-json\/wp\/v2\/types\/page"}],"author":[{"embeddable":true,"href":"https:\/\/apedys35.org\/index.php\/wp-json\/wp\/v2\/users\/1"}],"replies":[{"embeddable":true,"href":"https:\/\/apedys35.org\/index.php\/wp-json\/wp\/v2\/comments?post=360"}],"version-history":[{"count":1,"href":"https:\/\/apedys35.org\/index.php\/wp-json\/wp\/v2\/pages\/360\/revisions"}],"predecessor-version":[{"id":361,"href":"https:\/\/apedys35.org\/index.php\/wp-json\/wp\/v2\/pages\/360\/revisions\/361"}],"up":[{"embeddable":true,"href":"https:\/\/apedys35.org\/index.php\/wp-json\/wp\/v2\/pages\/348"}],"wp:attachment":[{"href":"https:\/\/apedys35.org\/index.php\/wp-json\/wp\/v2\/media?parent=360"}],"curies":[{"name":"wp","href":"https:\/\/api.w.org\/{rel}","templated":true}]}}