{"id":356,"date":"2022-04-15T17:37:44","date_gmt":"2022-04-15T15:37:44","guid":{"rendered":"http:\/\/apedys35.org\/?page_id=356"},"modified":"2022-04-15T17:37:44","modified_gmt":"2022-04-15T15:37:44","slug":"prise-en-charge-les-professionnels-de-sante-pour-quoi-faire","status":"publish","type":"page","link":"https:\/\/apedys35.org\/index.php\/prise-en-charge-les-professionnels-de-sante-pour-quoi-faire\/","title":{"rendered":"Prise en charge : les professionnels de sant\u00e9, pour quoi faire\u00a0?"},"content":{"rendered":"\n<p><strong>Le m\u00e9decin<\/strong><br>Le m\u00e9decin est pr\u00e9sent \u00e0 toutes les \u00e9tapes. Il participe au rep\u00e9rage et au d\u00e9pistage. Il prescrit et coordonne les bilans \u00e9talonn\u00e9s faits par les soignants. Il prescrit si n\u00e9cessaire des s\u00e9ances de r\u00e9\u00e9ducation.<\/p>\n\n\n\n<p>Seul un m\u00e9decin peut poser un diagnostic de trouble des apprentissages quelle que soit sa sp\u00e9cialit\u00e9 : m\u00e9decin g\u00e9n\u00e9raliste, p\u00e9diatre, neuro-p\u00e9diatre (m\u00e9decin sp\u00e9cialiste des neurosciences d\u00e9di\u00e9es \u00e0 l\u2019enfant. Les troubles d\u2019apprentissage font partie de son domaine de comp\u00e9tence).<\/p>\n","protected":false},"excerpt":{"rendered":"<p>Le m\u00e9decinLe m\u00e9decin est pr\u00e9sent \u00e0 toutes les \u00e9tapes. Il participe au rep\u00e9rage et au d\u00e9pistage. Il prescrit et coordonne les bilans \u00e9talonn\u00e9s faits par les soignants. Il prescrit si&hellip; <a class=\"more-link\" href=\"https:\/\/apedys35.org\/index.php\/prise-en-charge-les-professionnels-de-sante-pour-quoi-faire\/\">Continue reading <span class=\"screen-reader-text\">Prise en charge : les professionnels de sant\u00e9, pour quoi faire\u00a0?<\/span><\/a><\/p>\n","protected":false},"author":1,"featured_media":0,"parent":0,"menu_order":0,"comment_status":"closed","ping_status":"closed","template":"","meta":{"footnotes":""},"class_list":["post-356","page","type-page","status-publish","hentry","entry"],"_links":{"self":[{"href":"https:\/\/apedys35.org\/index.php\/wp-json\/wp\/v2\/pages\/356","targetHints":{"allow":["GET"]}}],"collection":[{"href":"https:\/\/apedys35.org\/index.php\/wp-json\/wp\/v2\/pages"}],"about":[{"href":"https:\/\/apedys35.org\/index.php\/wp-json\/wp\/v2\/types\/page"}],"author":[{"embeddable":true,"href":"https:\/\/apedys35.org\/index.php\/wp-json\/wp\/v2\/users\/1"}],"replies":[{"embeddable":true,"href":"https:\/\/apedys35.org\/index.php\/wp-json\/wp\/v2\/comments?post=356"}],"version-history":[{"count":1,"href":"https:\/\/apedys35.org\/index.php\/wp-json\/wp\/v2\/pages\/356\/revisions"}],"predecessor-version":[{"id":357,"href":"https:\/\/apedys35.org\/index.php\/wp-json\/wp\/v2\/pages\/356\/revisions\/357"}],"wp:attachment":[{"href":"https:\/\/apedys35.org\/index.php\/wp-json\/wp\/v2\/media?parent=356"}],"curies":[{"name":"wp","href":"https:\/\/api.w.org\/{rel}","templated":true}]}}