{"id":350,"date":"2022-04-15T17:33:30","date_gmt":"2022-04-15T15:33:30","guid":{"rendered":"http:\/\/apedys35.org\/?page_id=350"},"modified":"2022-05-02T17:34:43","modified_gmt":"2022-05-02T15:34:43","slug":"prise-en-charge-lecole","status":"publish","type":"page","link":"https:\/\/apedys35.org\/index.php\/vers-lecole\/prise-en-charge-lecole\/","title":{"rendered":"Prise en charge :\u00a0l\u2019\u00e9cole"},"content":{"rendered":"\n<p>Les intervenants autour de l&#8217;enfant: l&#8217;enseignant de la scolarit\u00e9 ordinaire, l\u2019enseignant sp\u00e9cialis\u00e9, le psychologue scolaire, le m\u00e9decin de l\u2019\u00c9ducation Nationale, l\u2019infirmier de l\u2019\u00c9ducation Nationale, l\u2019enseignant r\u00e9f\u00e9rent ASH lorsque l\u2019enfant a un dossier \u00e0 la MDPH, l\u2019auxiliaire de vie scolaire.<\/p>\n","protected":false},"excerpt":{"rendered":"<p>Les intervenants autour de l&#8217;enfant: l&#8217;enseignant de la scolarit\u00e9 ordinaire, l\u2019enseignant sp\u00e9cialis\u00e9, le psychologue scolaire, le m\u00e9decin de l\u2019\u00c9ducation Nationale, l\u2019infirmier de l\u2019\u00c9ducation Nationale, l\u2019enseignant r\u00e9f\u00e9rent ASH lorsque l\u2019enfant a&hellip; <a class=\"more-link\" href=\"https:\/\/apedys35.org\/index.php\/vers-lecole\/prise-en-charge-lecole\/\">Continue reading <span class=\"screen-reader-text\">Prise en charge :\u00a0l\u2019\u00e9cole<\/span><\/a><\/p>\n","protected":false},"author":1,"featured_media":0,"parent":346,"menu_order":0,"comment_status":"closed","ping_status":"closed","template":"","meta":{"footnotes":""},"class_list":["post-350","page","type-page","status-publish","hentry","entry"],"_links":{"self":[{"href":"https:\/\/apedys35.org\/index.php\/wp-json\/wp\/v2\/pages\/350","targetHints":{"allow":["GET"]}}],"collection":[{"href":"https:\/\/apedys35.org\/index.php\/wp-json\/wp\/v2\/pages"}],"about":[{"href":"https:\/\/apedys35.org\/index.php\/wp-json\/wp\/v2\/types\/page"}],"author":[{"embeddable":true,"href":"https:\/\/apedys35.org\/index.php\/wp-json\/wp\/v2\/users\/1"}],"replies":[{"embeddable":true,"href":"https:\/\/apedys35.org\/index.php\/wp-json\/wp\/v2\/comments?post=350"}],"version-history":[{"count":3,"href":"https:\/\/apedys35.org\/index.php\/wp-json\/wp\/v2\/pages\/350\/revisions"}],"predecessor-version":[{"id":507,"href":"https:\/\/apedys35.org\/index.php\/wp-json\/wp\/v2\/pages\/350\/revisions\/507"}],"up":[{"embeddable":true,"href":"https:\/\/apedys35.org\/index.php\/wp-json\/wp\/v2\/pages\/346"}],"wp:attachment":[{"href":"https:\/\/apedys35.org\/index.php\/wp-json\/wp\/v2\/media?parent=350"}],"curies":[{"name":"wp","href":"https:\/\/api.w.org\/{rel}","templated":true}]}}