{"id":344,"date":"2022-04-15T17:22:42","date_gmt":"2022-04-15T15:22:42","guid":{"rendered":"http:\/\/apedys35.org\/?page_id=344"},"modified":"2022-04-15T17:31:22","modified_gmt":"2022-04-15T15:31:22","slug":"demarches-pour-obtenir-des-amenagements-pedagogiques-ou-des-compensations","status":"publish","type":"page","link":"https:\/\/apedys35.org\/index.php\/vers-lecole\/demarches-pour-obtenir-des-amenagements-pedagogiques-ou-des-compensations\/","title":{"rendered":"D\u00e9marches pour obtenir des am\u00e9nagements p\u00e9dagogiques ou des\u00a0compensations"},"content":{"rendered":"\n<p id=\"block-73fbd46a-70f2-4f73-bb01-686be6bef8b9\"><strong><br>Un rappel sur l\u2019Equipe Educative<\/strong><\/p>\n\n\n\n<p id=\"block-a3056980-0558-4e16-9c7b-01815e0162c0\">Le r\u00f4le de l\u2019\u00e9quipe \u00e9ducative (enseignants, parents et soignants si besoins) est de proposer les premi\u00e8res r\u00e9ponses aux difficult\u00e9s rep\u00e9r\u00e9es de l\u2019\u00e9l\u00e8ve par la mise en place d\u2019am\u00e9nagements p\u00e9dagogiques.<\/p>\n\n\n\n<p id=\"block-69aa8e75-a03d-4a60-89e5-69a0a5cadd8c\">En cas de troubles av\u00e9r\u00e9s ou de difficult\u00e9s persistantes les actions mises en place sont formalis\u00e9es dans un&nbsp;<strong>PPRE<\/strong>&nbsp;(<strong>P<\/strong>rojet&nbsp;<strong>P<\/strong>ersonnalis\u00e9 de&nbsp;<strong>R<\/strong>\u00e9ussite&nbsp;<strong>E<\/strong>ducative) ou un&nbsp;<strong>PAP<\/strong>&nbsp;(<strong>P<\/strong>lan d\u2019<strong>A<\/strong>ccompagnement&nbsp;<strong>P<\/strong>ersonnalis\u00e9) si le PPRE est insuffisant.<\/p>\n\n\n\n<p id=\"block-6e864c3e-0d78-4e82-b950-14459053e55e\">Dans le cas d\u2019un \u00e9l\u00e8ve atteint d\u2019une maladie, le<strong>&nbsp;PAI (P<\/strong>rojet d\u2019<strong>A<\/strong>ccueil&nbsp;<strong>I<\/strong>ndividualis\u00e9) d\u00e9finit le protocole de soins \u00e0 respecter.<\/p>\n\n\n\n<p id=\"block-c0bbf882-e203-4a23-9722-90ac330fad89\">Dans le cas de troubles massifs o\u00f9 les besoins de l\u2019\u00e9l\u00e8ve ne sont pas compens\u00e9s par les am\u00e9nagements mis en place, les parents font une demande de compensation \u00e0 la MDPH qui r\u00e9dige le PPS (<strong>P<\/strong>rojet&nbsp;<strong>P<\/strong>ersonnalis\u00e9 de&nbsp;<strong>S<\/strong>colarisation).<\/p>\n\n\n\n<figure class=\"wp-block-image\" id=\"block-9964fa92-c99f-42e6-825a-0da7ea2c7de7\"><img decoding=\"async\" src=\"https:\/\/apedys35.org\/wp-content\/uploads\/2022\/04\/2015_ecole_inclusive_PAP_PPS_PAI_PPRE_512315.jpg\" alt=\"L\u2019attribut alt de cette image est vide, son nom de fichier est 2015_ecole_inclusive_PAP_PPS_PAI_PPRE_512315.jpg.\"\/><\/figure>\n\n\n\n<p id=\"block-54907e07-185f-402f-a22b-f6f6bc9016f5\"><strong>L\u2019\u00e9l\u00e8ve&nbsp;:&nbsp; Quel plan, pour qui&nbsp;? Comment choisir&nbsp;? PPRE,&nbsp; PAP,&nbsp; PAI,&nbsp; PPS&nbsp;?<\/strong><\/p>\n\n\n\n<h2 class=\"wp-block-heading\" id=\"block-1681f19a-19dc-43e9-9d35-0f2f4647d662\"><strong>PPRE<\/strong>&nbsp;: action p\u00e9dagogique&nbsp;<strong>P<\/strong>rojet&nbsp;<strong>P<\/strong>ersonnalis\u00e9 de&nbsp;<strong>R<\/strong>\u00e9ussite&nbsp;<strong>E<\/strong>ducative.<\/h2>\n\n\n\n<p id=\"block-fc033027-a7a0-4306-b613-a492201a493d\"><strong>Pour quel \u00e9l\u00e8ve ?<\/strong><br>Obligatoire en cas de redoublement. El\u00e8ve qui ne ma\u00eetrise pas des connaissances et des comp\u00e9tences attendues \u00e0 son niveau.<\/p>\n\n\n\n<p id=\"block-b922146a-c24b-4468-9e0e-cf9ce048ba59\"><strong>Objectifs<\/strong><br>Pr\u00e9vention de la difficult\u00e9 scolaire, visant \u00e0 emp\u00eacher un redoublement ou \u00e0 pallier la difficult\u00e9 scolaire. Redonner du sens aux apprentissages et am\u00e9liorer la confiance de l\u2019\u00e9l\u00e8ve en lui-m\u00eame.<\/p>\n\n\n\n<p id=\"block-4901158e-87b9-44ba-b839-411fd307494c\"><strong>Mise en oeuvre<\/strong><br>Adaptation scolaire et diff\u00e9renciation p\u00e9dagogique de courte dur\u00e9e. Dispositif p\u00e9dagogique propos\u00e9 par les enseignants aux parents : une action sp\u00e9cifique d\u2019aide et \u00e9ventuellement un ensemble d\u2019autres aides coordonn\u00e9es.<\/p>\n\n\n\n<p id=\"block-5100f42b-a546-4da8-9895-016fd4fd69ba\"><strong>Suivi<\/strong><br>Enseignants de l\u2019\u00e9l\u00e8ve.<\/p>\n\n\n\n<p id=\"block-765e7d96-5851-4c36-bd49-6ddc1f4ebe68\"><strong>Caract\u00e9ristiques<\/strong><br>Plan d\u2019action individualis\u00e9 propos\u00e9 \u00e0 l\u2019\u00e9l\u00e8ve pour l\u2019impliquer : d\u00e9finition des objectifs, des modalit\u00e9s, des \u00e9ch\u00e9ances, des modes d\u2019\u00e9valuation. Associe la famille.<\/p>\n\n\n\n<p id=\"block-5697422a-d573-4e44-ae0b-1f6118ee0896\"><strong>Evaluation et bilan<\/strong><br>R\u00e9ajustements \u00e9ventuels. Valorisation des r\u00e9ussites de l\u2019\u00e9l\u00e8ve. Bilan de fin de p\u00e9riode.<\/p>\n\n\n\n<p id=\"block-4d903c6e-d30a-44cb-92e2-f68e83919bc3\">R\u00e9f\u00e9rences<br>Dispositif d\u2019aide et de soutien pour la r\u00e9ussite des \u00e9l\u00e8ves \u00e0 l\u2019\u00e9cole n\u00b0 2005-1014 du 24-8-2005.<br>B.O. n\u00b0 11 du 31 ao\u00fbt 2006 DGESCO \u2013 MENE0601969C<br>Guide pratique PPRE :<br><a rel=\"noreferrer noopener\" href=\"http:\/\/www.ac-poitiers.fr\/\" target=\"_blank\">http:\/\/www.ac-poitiers.fr<\/a><br><a rel=\"noreferrer noopener\" href=\"http:\/\/www.ia29.ac-rennes.fr\/\" target=\"_blank\">http:\/\/www.ia29.ac-rennes.fr<\/a><\/p>\n\n\n\n<h2 class=\"wp-block-heading\" id=\"block-a2b89ca4-3a40-4410-962b-3d61e8c96656\">PAI : Projet d\u2019Accueil Individualis\u00e9 pour les maladies sur une dur\u00e9e longue.<\/h2>\n\n\n\n<p id=\"block-640387bc-c3f4-4438-9b8c-b9a9eebc50df\"><strong>Pour quel \u00e9l\u00e8ve ?<\/strong><br>El\u00e8ves ayant des troubles de sant\u00e9 : pathologies chroniques, allergies ou intol\u00e9rances.<\/p>\n\n\n\n<p id=\"block-65f2f565-9f0b-4174-ab51-b0e23c87ee99\"><strong>Objectifs<\/strong><br>Faciliter et pr\u00e9server la scolarit\u00e9 d\u2019un enfant malade. Ecriture d\u2019un document d\u00e9finissant le protocole de th\u00e9rapeutique, ou de pr\u00e9vention, \u00e0 l\u2019\u00e9cole ou en activit\u00e9s p\u00e9riscolaires. Peut comporter un protocole d\u2019urgence.<\/p>\n\n\n\n<p id=\"block-5b902b58-6146-489a-8db4-a7b3daebcaad\"><strong>Mise en oeuvre<\/strong><br>Demande faite par la famille \u00e0 l\u2019\u00e9cole ( ou avec son accord) \u00e0 partir des besoins identifi\u00e9s par le m\u00e9decin qui suit l\u2019enfant, en lien avec le m\u00e9decin scolaire ( ou le m\u00e9decin de PMI pour les moins de 3 ans). Les informations sont transmises aux enseignants et aux \u00e9quipes de vie scolaire.<\/p>\n\n\n\n<p id=\"block-873a8168-2407-406d-9934-df01605f9aea\"><strong>Suivi<\/strong><br>Directeur en concertation avec le m\u00e9decin scolaire.<\/p>\n\n\n\n<p id=\"block-a3b5b274-b0be-4f19-8468-7d15294a81ea\"><strong>Caract\u00e9ristiques<\/strong><br>Sign\u00e9 entre l\u2019\u00e9cole, la famille et \u00e9ventuellement le repr\u00e9sentant de la collectivit\u00e9 territoriale (cantine\u2026) avec l\u2019appui du m\u00e9decin scolaire. Nomme les personnes habilit\u00e9es \u00e0 poser des gestes en lien avec le soin.<\/p>\n\n\n\n<p id=\"block-47b8dcbc-37a2-44ae-b6cb-b476938b794c\"><strong>Evaluation et bilan<\/strong><br>En cas de voyage scolaire, le PAI doit-\u00eatre revu et adapt\u00e9. Pr\u00e9vu pour une ou plusieurs ann\u00e9es. Renouvelable.<\/p>\n\n\n\n<p id=\"block-06e4a0aa-7289-4c69-a174-b5ab4f4f6e60\"><strong>R\u00e9f\u00e9rences<\/strong><br>Circulaire n\u00b02003-135 du 8 septembre 2003. D\u00e9cret n\u00b02014-1485 du 11 d\u00e9cembre 2014- Art.7. Le PAI n\u2019est pas en lien avec un dossier MDPH.<\/p>\n\n\n\n<h2 class=\"wp-block-heading\" id=\"block-16254625-e117-4948-936c-b5b597e5486a\">PAP : accompagnement p\u00e9dagogique Plan d\u2019Accompagnement Personnalis\u00e9<\/h2>\n\n\n\n<p id=\"block-e3de2d72-1d2d-47a6-b8f9-5a5b89295c45\"><strong>Pour quel \u00e9l\u00e8ve ?<\/strong><br>El\u00e8ve avec des difficult\u00e9s scolaires durables ayant pour origine un ou plusieurs troubles des apprentissages et sans reconnaissance de handicap par la MDPH.<\/p>\n\n\n\n<p id=\"block-ef4e40a2-ce2c-4977-a70a-f17bf647f5a5\"><strong>Objectifs<\/strong><br>D\u00e9finir les am\u00e9nagements et adaptations de nature p\u00e9dagogique n\u00e9cessaires. Permet l\u2019utilisation \u00e9ventuelle de mat\u00e9riel informatique.<br>Il se substitue au PAI Dys, ou au PPRE si la difficult\u00e9 perdure malgr\u00e9 ce PPRE.<\/p>\n\n\n\n<p id=\"block-922eb911-e56e-44b1-948b-01eb07d31388\"><strong>Mise en oeuvre<\/strong><br>Demand\u00e9 par la famille ou, avec accord des parents, par le conseil des maitres. Validation par le m\u00e9decin scolaire qui indique les points d\u2019appui \u00e0 utiliser pour aider l\u2019\u00e9l\u00e8ve dans l\u2019apprentissage. Chaque ann\u00e9e il est sign\u00e9 par les parents et l\u2019\u00e9cole. Enseignement agricole : selon le type d\u2019\u00e9tablissement Consulter la DRAAF.<\/p>\n\n\n\n<p id=\"block-7f7a2978-acab-4a64-aa3c-57e3363368f2\"><strong>Suivi<\/strong><br>Chef d\u2019\u00e9tablissement, Equipe p\u00e9dagogique<\/p>\n\n\n\n<p id=\"block-36d327f7-a558-4624-8fc1-9ef42bb5a381\"><strong>Caract\u00e9ristiques<\/strong><br>Document national formalis\u00e9 rempli par le chef d\u2019\u00e9tablissement selon les am\u00e9nagements propos\u00e9s par les enseignants et les professionnels concern\u00e9s pour r\u00e9pondre aux difficult\u00e9s de l\u2019\u00e9l\u00e8ve.<\/p>\n\n\n\n<p id=\"block-12b07cc4-29d6-4776-bf90-7d469fc86a5f\"><strong>Evaluation et bilan<\/strong><br>Outil de suivi sur l\u2019int\u00e9gralit\u00e9 du parcours scolaire de la maternelle au lyc\u00e9e. R\u00e9visable chaque ann\u00e9e.<\/p>\n\n\n\n<p id=\"block-26324666-71b9-40bd-bb5b-e82f9335dd5f\">R\u00e9f\u00e9rences<br>Circulaire n\u00b0 2015-016 du 22-1-2015<br><a rel=\"noreferrer noopener\" href=\"http:\/\/scolaritepartenariat.chez-alice.fr\/page183.htm\" target=\"_blank\">http:\/\/scolaritepartenariat.chez-alice.fr\/page183.htm<\/a><\/p>\n\n\n\n<h2 class=\"wp-block-heading\" id=\"block-75f620b6-ab39-44dd-94ad-68958936cebf\">PPS : dispositif dans le champ du handicap (MDPH), Projet Personnalis\u00e9 de Scolarisation<\/h2>\n\n\n\n<p id=\"block-4ff88eb6-97b4-41fb-b71c-d5d13701cf3d\"><strong>Pour quel \u00e9l\u00e8ve ?<\/strong><br>El\u00e8ves en situation de handicap et b\u00e9n\u00e9ficiant d\u2019un Plan Personnel de Compensation par la MDPH. Article 2 de la Loi f\u00e9vrier 2005.<\/p>\n\n\n\n<p id=\"block-0749cd50-14ba-4649-a8c1-6c28eed55893\"><strong>Objectifs<\/strong><br>D\u00e9termine et coordonne les modalit\u00e9s de d\u00e9roulement de la scolarit\u00e9. Il d\u00e9finit la qualit\u00e9 et la nature des accompagnements n\u00e9cessaires, th\u00e9rapeutiques ou r\u00e9\u00e9ducatifs : aide humaine, utilisation d\u2019un mat\u00e9riel p\u00e9dagogique adapt\u00e9, am\u00e9nagements p\u00e9dagogiques, orientation ULIS, SSEFS, transport, scolarisation \u00e0 domicile.<\/p>\n\n\n\n<figure class=\"wp-block-image\" id=\"block-7980b794-3863-4fd5-bac7-e7cec8a5926b\"><img decoding=\"async\" src=\"https:\/\/apedys35.org\/wp-content\/uploads\/2022\/04\/handicap-d-marches-pps-14411.jpg\" alt=\"L\u2019attribut alt de cette image est vide, son nom de fichier est handicap-d-marches-pps-14411.jpg.\"\/><\/figure>\n\n\n\n<p id=\"block-e5ddc10f-cb55-4b03-984b-6c701c3a31e4\"><strong>Mise en oeuvre<\/strong><br>Demande de la famille \u00e0 la MDPH. Etude par l\u2019Equipe Pluridisciplinaire MDPH du dossier : GEVA-sco 1\u00e8re demande apr\u00e8s une Equipe Educative ou renouvellement apr\u00e8s une Equipe de Suivi de Scolarisation, bilans m\u00e9dicaux et autres. Proposition de compensation envoy\u00e9e \u00e0 la famille. Validation ou non par la CDAPH. Envoi de la d\u00e9cision. Des voies de recours sont indiqu\u00e9es. Le PPS s\u2019impose \u00e0 l\u2019\u00e9tablissement.<\/p>\n\n\n\n<p id=\"block-fa8caad2-2559-4182-b719-08900c8f1bf4\"><strong>Suivi<\/strong><br>Enseignant r\u00e9f\u00e9rent et Equipe Educative lors des ESS<\/p>\n\n\n\n<p id=\"block-6d1e553d-f5d8-40cb-bb7c-a28d4f93be0b\"><strong>Caract\u00e9ristiques<\/strong><br>L\u2019enseignant r\u00e9f\u00e9rent est l\u2019interlocuteur des parents et assure une mission d\u2019information et de conseil. Depuis f\u00e9v 2015, un document national formalise le PPS et les GEVA-sco, applicable au 1er sept 2015. Le document de mise en \u0153uvre du PPS r\u00e9dig\u00e9 par les enseignants, d\u00e9finit les am\u00e9nagements p\u00e9dagogiques n\u00e9cessaires.<\/p>\n\n\n\n<p id=\"block-74bf511a-f0df-41aa-9e30-6c9c377ec1bb\"><strong>Evaluation et bilan<\/strong><br>R\u00e9visable chaque fois que la situation de l\u2019\u00e9l\u00e8ve le n\u00e9cessite et au moins \u00e0 chaque changement de cycle.<\/p>\n\n\n\n<p id=\"block-3e562440-fa14-4726-97ea-106f47dc7102\"><strong>R\u00e9f\u00e9rences<\/strong><br>PPS Arr\u00eat\u00e9 du 6 f\u00e9vrier 2015 formalisant le projet personnalis\u00e9 de scolarisation mentionn\u00e9 \u00e0 l\u2019article D. 351-5 du code de l\u2019\u00e9ducation. Fac-simil\u00e9 en annexe de l\u2019arr\u00eat\u00e9. Fac-simil\u00e9 GEVA-sco annexe MENE1502719A<\/p>\n\n\n\n<p id=\"block-0affbf27-eaa8-49e9-976e-48bb5299de56\">Documents de mise en \u0153uvre du PPS : MENE 1612034C circulaire n\u00b0 2016-117 du 8-8-2016 en fin de circulaire :<br><a rel=\"noreferrer noopener\" href=\"http:\/\/www.education.gouv.fr\/pid285\/bulletin_officiel.html?cid_bo=105511\" target=\"_blank\">http:\/\/www.education.gouv.fr\/pid285\/bulletin_officiel.html?cid_bo=105511<\/a><br>Gevasco MENE1502719A arr\u00eat\u00e9 du 6-2-2015 \u2013 Documents en fin de l\u2019arr\u00eat\u00e9 :<br><a rel=\"noreferrer noopener\" href=\"http:\/\/www.education.gouv.fr\/pid285\/bulletin_officiel.html?cid_bo=86110\" target=\"_blank\">http:\/\/www.education.gouv.fr\/pid285\/bulletin_officiel.html?cid_bo=86110<\/a><\/p>\n\n\n\n<p id=\"block-4575024a-cb9a-4ab1-8e99-04dec0f6771b\">Gevasco 1\u00e8re demande :<br><a rel=\"noreferrer noopener\" href=\"https:\/\/www.cnsa.fr\/documentation\/formulaire_1redemande_interactif.pd\" target=\"_blank\">https:\/\/www.cnsa.fr\/documentation\/formulaire_1redemande_interactif.pd<\/a>f<\/p>\n\n\n\n<p id=\"block-ebce9f2e-8e5e-43f1-80fc-35e37221467c\">Gevasco r\u00e9examen :<br><a rel=\"noreferrer noopener\" href=\"https:\/\/www.cnsa.fr\/documentation\/formulaire_reexamen_interactif.pdf\" target=\"_blank\">https:\/\/www.cnsa.fr\/documentation\/formulaire_reexamen_interactif.pdf<\/a><\/p>\n\n\n\n<p id=\"block-d5d272af-ca4f-41c5-933b-e83ed4d8e95f\">Le lien pour le document de mise en \u0153uvre du PPS ( Annexes 1,2,3 en bas de Maternelle, primaire et secondaire) :<br><a rel=\"noreferrer noopener\" href=\"https:\/\/www.education.gouv.fr\/bo\/16\/Hebdo30\/MENE%201612034C.htm\" target=\"_blank\">https:\/\/www.education.gouv.fr\/bo\/16\/Hebdo30\/MENE%201612034C.htm<\/a><\/p>\n\n\n\n<p id=\"block-b3298bb8-9235-4e50-bc40-5328d6d17621\">Lien pour demande de mat\u00e9riel adapt\u00e9, et fiche d\u2019\u00e9valuation renouvellement d\u2019AVS :<br><a rel=\"noreferrer noopener\" href=\"https:\/\/www.mdph35.fr\/fr\/article\/formulaires-relatifs-au-parcours-scolarisation\" target=\"_blank\">https:\/\/www.mdph35.fr\/fr\/article\/formulaires-relatifs-au-parcours-scolarisation<\/a><\/p>\n","protected":false},"excerpt":{"rendered":"<p>Un rappel sur l\u2019Equipe Educative Le r\u00f4le de l\u2019\u00e9quipe \u00e9ducative (enseignants, parents et soignants si besoins) est de proposer les premi\u00e8res r\u00e9ponses aux difficult\u00e9s rep\u00e9r\u00e9es de l\u2019\u00e9l\u00e8ve par la mise&hellip; <a class=\"more-link\" href=\"https:\/\/apedys35.org\/index.php\/vers-lecole\/demarches-pour-obtenir-des-amenagements-pedagogiques-ou-des-compensations\/\">Continue reading <span class=\"screen-reader-text\">D\u00e9marches pour obtenir des am\u00e9nagements p\u00e9dagogiques ou des\u00a0compensations<\/span><\/a><\/p>\n","protected":false},"author":1,"featured_media":0,"parent":346,"menu_order":1,"comment_status":"closed","ping_status":"closed","template":"","meta":{"footnotes":""},"class_list":["post-344","page","type-page","status-publish","hentry","entry"],"_links":{"self":[{"href":"https:\/\/apedys35.org\/index.php\/wp-json\/wp\/v2\/pages\/344","targetHints":{"allow":["GET"]}}],"collection":[{"href":"https:\/\/apedys35.org\/index.php\/wp-json\/wp\/v2\/pages"}],"about":[{"href":"https:\/\/apedys35.org\/index.php\/wp-json\/wp\/v2\/types\/page"}],"author":[{"embeddable":true,"href":"https:\/\/apedys35.org\/index.php\/wp-json\/wp\/v2\/users\/1"}],"replies":[{"embeddable":true,"href":"https:\/\/apedys35.org\/index.php\/wp-json\/wp\/v2\/comments?post=344"}],"version-history":[{"count":1,"href":"https:\/\/apedys35.org\/index.php\/wp-json\/wp\/v2\/pages\/344\/revisions"}],"predecessor-version":[{"id":345,"href":"https:\/\/apedys35.org\/index.php\/wp-json\/wp\/v2\/pages\/344\/revisions\/345"}],"up":[{"embeddable":true,"href":"https:\/\/apedys35.org\/index.php\/wp-json\/wp\/v2\/pages\/346"}],"wp:attachment":[{"href":"https:\/\/apedys35.org\/index.php\/wp-json\/wp\/v2\/media?parent=344"}],"curies":[{"name":"wp","href":"https:\/\/api.w.org\/{rel}","templated":true}]}}