{"id":338,"date":"2022-04-15T17:16:25","date_gmt":"2022-04-15T15:16:25","guid":{"rendered":"http:\/\/apedys35.org\/?page_id=338"},"modified":"2022-04-15T17:29:13","modified_gmt":"2022-04-15T15:29:13","slug":"faire-un-dossier-a-la-mdph-pourquoi","status":"publish","type":"page","link":"https:\/\/apedys35.org\/index.php\/vers-la-mdph\/faire-un-dossier-a-la-mdph-pourquoi\/","title":{"rendered":"Faire un dossier \u00e0 la MDPH : Pourquoi\u00a0?"},"content":{"rendered":"\n<p><strong>Une situation scolaire<\/strong><br>En pr\u00e9sence concomitante de plusieurs de ces difficult\u00e9s<\/p>\n\n\n\n<ul class=\"wp-block-list\"><li>On le comprend mal et il fait r\u00e9p\u00e9ter<\/li><li>Il est maladroit (ne sait pas faire ses lacets, rate les buts au foot )<\/li><li>Il retient mal ses le\u00e7ons<\/li><li>Il travaille mais ses notes sont mauvaises<\/li><li>Il est lent et fatigu\u00e9, se sent nul ou se r\u00e9volte, ne veut plus aller \u00e0 l\u2019\u00e9cole<\/li><li>Il perd ses affaires, ne sait pas ce qu\u2019il doit faire, il r\u00eave, il est \u00e9nerv\u00e9<\/li><li>\u2026Pourtant il est curieux et intelligent !<\/li><\/ul>\n\n\n\n<p><strong>Ses professeurs se plaignent :<\/strong><\/p>\n\n\n\n<ul class=\"wp-block-list\"><li>difficult\u00e9s \u00e0 l\u2019\u00e9crit dans toutes les mati\u00e8res,<\/li><li>probl\u00e8mes de lecture et d\u2019orthographe,<\/li><li>manque d\u2019attention, de sa concentration difficile,<\/li><li>difficult\u00e9s de rep\u00e9rage dans le temps et l\u2019espace,<\/li><li>m\u00e9morisations fragiles,<\/li><li>fatigue g\u00e9n\u00e9rale ou agitation excessive,<\/li><li>d\u00e9s\u00e9quilibre entre la compr\u00e9hension orale et les r\u00e9sultats observ\u00e9s \u00e0 l\u2019\u00e9crit<\/li><li>lenteur, d\u00e9couragement<\/li><\/ul>\n\n\n\n<p><strong>Malgr\u00e9 les am\u00e9nagements mis en place par ses enseignants dans le cadre du Droit commun, formalis\u00e9s ( PPRE ou PAP) ou non, il progresse peu.<\/strong><\/p>\n\n\n\n<p>Il a une ou des prises en charge en r\u00e9\u00e9ducation depuis au moins 6 mois et des adaptations p\u00e9dagogiques cibl\u00e9es, mais les difficult\u00e9s persistent :<\/p>\n\n\n\n<ul class=\"wp-block-list\"><li>lecture de mots inexacte, lente ou laborieuse<\/li><li>difficult\u00e9 \u00e0 comprendre la signification de ce qui est lu<\/li><li>difficult\u00e9s d\u2019orthographe (spelling)<\/li><li>difficult\u00e9s dans l\u2019expression \u00e9crite (p.e. erreurs de ponctuation ou grammaticales, manque de clart\u00e9 de l\u2019expression des id\u00e9es)<\/li><li>difficult\u00e9 \u00e0 ma\u00eetriser le sens des nombres, les faits num\u00e9riques, ou le calcul<\/li><li>difficult\u00e9 dans le raisonnement math\u00e9matique difficult\u00e9s d\u2019\u00e9criture<\/li><li>difficult\u00e9 \u00e0 se recentrer et \u00eatre attentif<\/li><li>relations difficiles avec ses camarades<\/li><li>des performances en-dessous de celles attendues pour l\u2019\u00e2ge et qui interf\u00e8rent significativement avec les performances acad\u00e9miques<\/li><\/ul>\n","protected":false},"excerpt":{"rendered":"<p>Une situation scolaireEn pr\u00e9sence concomitante de plusieurs de ces difficult\u00e9s On le comprend mal et il fait r\u00e9p\u00e9ter Il est maladroit (ne sait pas faire ses lacets, rate les buts&hellip; <a class=\"more-link\" href=\"https:\/\/apedys35.org\/index.php\/vers-la-mdph\/faire-un-dossier-a-la-mdph-pourquoi\/\">Continue reading <span class=\"screen-reader-text\">Faire un dossier \u00e0 la MDPH : Pourquoi\u00a0?<\/span><\/a><\/p>\n","protected":false},"author":1,"featured_media":0,"parent":348,"menu_order":1,"comment_status":"closed","ping_status":"closed","template":"","meta":{"footnotes":""},"class_list":["post-338","page","type-page","status-publish","hentry","entry"],"_links":{"self":[{"href":"https:\/\/apedys35.org\/index.php\/wp-json\/wp\/v2\/pages\/338","targetHints":{"allow":["GET"]}}],"collection":[{"href":"https:\/\/apedys35.org\/index.php\/wp-json\/wp\/v2\/pages"}],"about":[{"href":"https:\/\/apedys35.org\/index.php\/wp-json\/wp\/v2\/types\/page"}],"author":[{"embeddable":true,"href":"https:\/\/apedys35.org\/index.php\/wp-json\/wp\/v2\/users\/1"}],"replies":[{"embeddable":true,"href":"https:\/\/apedys35.org\/index.php\/wp-json\/wp\/v2\/comments?post=338"}],"version-history":[{"count":1,"href":"https:\/\/apedys35.org\/index.php\/wp-json\/wp\/v2\/pages\/338\/revisions"}],"predecessor-version":[{"id":339,"href":"https:\/\/apedys35.org\/index.php\/wp-json\/wp\/v2\/pages\/338\/revisions\/339"}],"up":[{"embeddable":true,"href":"https:\/\/apedys35.org\/index.php\/wp-json\/wp\/v2\/pages\/348"}],"wp:attachment":[{"href":"https:\/\/apedys35.org\/index.php\/wp-json\/wp\/v2\/media?parent=338"}],"curies":[{"name":"wp","href":"https:\/\/api.w.org\/{rel}","templated":true}]}}