{"id":303,"date":"2022-04-13T17:55:54","date_gmt":"2022-04-13T15:55:54","guid":{"rendered":"http:\/\/apedys35.org\/?page_id=303"},"modified":"2022-04-15T19:58:31","modified_gmt":"2022-04-15T17:58:31","slug":"temoignages","status":"publish","type":"page","link":"https:\/\/apedys35.org\/index.php\/temoignages\/","title":{"rendered":"T\u00e9moignages"},"content":{"rendered":"\n<p>Octobre 2020<\/p>\n\n\n\n<p>L&#8217;ordinateur un outil appr\u00e9ciable<\/p>\n\n\n\n<div class=\"wp-block-buttons is-layout-flex wp-block-buttons-is-layout-flex\">\n<div class=\"wp-block-button\"><a class=\"wp-block-button__link\" href=\"https:\/\/www.youtube.com\/watch?v=yGehwKfdB3U\" target=\"_blank\" rel=\"noreferrer noopener\">Visionnez<\/a><\/div>\n<\/div>\n\n\n\n<p>Fran\u00e7oise Thouvenot intervient \u00e0 France 3 pour pr\u00e9senter et sensibiliser aux troubles dys.<\/p>\n\n\n\n<figure class=\"wp-block-embed is-type-video is-provider-youtube wp-block-embed-youtube wp-embed-aspect-16-9 wp-has-aspect-ratio\"><div class=\"wp-block-embed__wrapper\">\n<iframe loading=\"lazy\" title=\"France3 troubles dys\" width=\"750\" height=\"422\" src=\"https:\/\/www.youtube.com\/embed\/bczn1R65u5w?start=2&#038;feature=oembed\" frameborder=\"0\" allow=\"accelerometer; autoplay; clipboard-write; encrypted-media; gyroscope; picture-in-picture\" allowfullscreen><\/iframe>\n<\/div><\/figure>\n\n\n\n<p>Enfants, adultes et parents d\u2019enfants dys s\u2019expriment.<\/p>\n\n\n\n<figure class=\"wp-block-embed is-type-video is-provider-youtube wp-block-embed-youtube wp-embed-aspect-16-9 wp-has-aspect-ratio\"><div class=\"wp-block-embed__wrapper\">\n<iframe loading=\"lazy\" title=\"Dys t\u00e9moignages\" width=\"750\" height=\"422\" src=\"https:\/\/www.youtube.com\/embed\/Dqi6JSAI5OI?feature=oembed\" frameborder=\"0\" allow=\"accelerometer; autoplay; clipboard-write; encrypted-media; gyroscope; picture-in-picture\" allowfullscreen><\/iframe>\n<\/div><\/figure>\n\n\n\n<p><\/p>\n\n\n\n<p>Dr Olivier Revol, neuropsychiatre, p\u00e9dopsychiatre et chef du Centre des troubles des apprentissages \u00e0 l\u2019h\u00f4pital neurologique de Lyon nous donne ici une vision optimiste quant \u00e0 l\u2019accompagnement des enfants qui souffrent de troubles dys.<\/p>\n\n\n\n<p><a href=\"https:\/\/papapositive.fr\/de-limportance-de-valoriser-les-enfants-dys-pour-faciliter-leur-apprentissage-9\/?fbclid=IwAR39SBs5vjR36P2WZsez3xbJK3QXnWiXU1zk3Kf3senrBxS4m0HYGNo43SA\">https:\/\/papapositive.fr\/de-limportance-de-valoriser-les-enfants-dys-pour-faciliter-leur-apprentissage-9\/?fbclid=IwAR39SBs5vjR36P2WZsez3xbJK3QXnWiXU1zk3Kf3senrBxS4m0HYGNo43SA<\/a><\/p>\n\n\n\n<p>Le combat d\u2019un enfant dyslexique, un combat permanent contre les mots, les livres, les pr\u00e9jug\u00e9s, les moqueries et le syst\u00e8me \u00e9ducatif. Un combat qui le fait se sentir seul et d\u00e9sempar\u00e9 face \u00e0 cette difficult\u00e9 qu\u2019il imagine comme une montagne \u00e0 gravir.<\/p>\n\n\n\n<p><a href=\"https:\/\/animationland.fr\/tag\/dyslexie\/\">https:\/\/animationland.fr\/tag\/dyslexie\/<\/a><\/p>\n\n\n\n<p>4 films d\u2019animation pr\u00e9sentent diff\u00e9rents troubles d\u2019apprentissage :&nbsp;Dyslexie, Dyspraxie, Dysphasie, Hyperactivit\u00e9. Leur diffusion peut permettre de sensibiliser le plus grand nombre et de poser des mots sur le ressenti des enfants qui en souffrent.<\/p>\n\n\n\n<figure class=\"wp-block-embed is-type-wp-embed is-provider-animation-land wp-block-embed-animation-land\"><div class=\"wp-block-embed__wrapper\">\n<blockquote class=\"wp-embedded-content\" data-secret=\"1pVy6FE9i0\"><a href=\"https:\/\/animationland.fr\/dyslexie-dyspraxie-dysphasie-hyperactivite-4-films-danimation-pour-expliquer-les-troubles-dapprentissage\/\">Dyslexie, Dyspraxie, Dysphasie, Hyperactivit\u00e9 : 4 films d&rsquo;animation pour expliquer les troubles d&rsquo;apprentissage<\/a><\/blockquote><iframe loading=\"lazy\" class=\"wp-embedded-content\" sandbox=\"allow-scripts\" security=\"restricted\" style=\"position: absolute; clip: rect(1px, 1px, 1px, 1px);\" title=\"\u00ab\u00a0Dyslexie, Dyspraxie, Dysphasie, Hyperactivit\u00e9 : 4 films d&rsquo;animation pour expliquer les troubles d&rsquo;apprentissage\u00a0\u00bb &#8212; Animation Land\" src=\"https:\/\/animationland.fr\/dyslexie-dyspraxie-dysphasie-hyperactivite-4-films-danimation-pour-expliquer-les-troubles-dapprentissage\/embed\/#?secret=uTNL2B8t7r#?secret=1pVy6FE9i0\" data-secret=\"1pVy6FE9i0\" width=\"600\" height=\"338\" frameborder=\"0\" marginwidth=\"0\" marginheight=\"0\" scrolling=\"no\"><\/iframe>\n<\/div><\/figure>\n","protected":false},"excerpt":{"rendered":"<p>Octobre 2020 L&#8217;ordinateur un outil appr\u00e9ciable Fran\u00e7oise Thouvenot intervient \u00e0 France 3 pour pr\u00e9senter et sensibiliser aux troubles dys. Enfants, adultes et parents d\u2019enfants dys s\u2019expriment. Dr Olivier Revol, neuropsychiatre,&hellip; <a class=\"more-link\" href=\"https:\/\/apedys35.org\/index.php\/temoignages\/\">Continue reading <span class=\"screen-reader-text\">T\u00e9moignages<\/span><\/a><\/p>\n","protected":false},"author":1,"featured_media":0,"parent":0,"menu_order":2,"comment_status":"closed","ping_status":"closed","template":"","meta":{"footnotes":""},"class_list":["post-303","page","type-page","status-publish","hentry","entry"],"_links":{"self":[{"href":"https:\/\/apedys35.org\/index.php\/wp-json\/wp\/v2\/pages\/303","targetHints":{"allow":["GET"]}}],"collection":[{"href":"https:\/\/apedys35.org\/index.php\/wp-json\/wp\/v2\/pages"}],"about":[{"href":"https:\/\/apedys35.org\/index.php\/wp-json\/wp\/v2\/types\/page"}],"author":[{"embeddable":true,"href":"https:\/\/apedys35.org\/index.php\/wp-json\/wp\/v2\/users\/1"}],"replies":[{"embeddable":true,"href":"https:\/\/apedys35.org\/index.php\/wp-json\/wp\/v2\/comments?post=303"}],"version-history":[{"count":1,"href":"https:\/\/apedys35.org\/index.php\/wp-json\/wp\/v2\/pages\/303\/revisions"}],"predecessor-version":[{"id":304,"href":"https:\/\/apedys35.org\/index.php\/wp-json\/wp\/v2\/pages\/303\/revisions\/304"}],"wp:attachment":[{"href":"https:\/\/apedys35.org\/index.php\/wp-json\/wp\/v2\/media?parent=303"}],"curies":[{"name":"wp","href":"https:\/\/api.w.org\/{rel}","templated":true}]}}